{"id":215,"date":"2020-08-17T14:42:04","date_gmt":"2020-08-17T14:42:04","guid":{"rendered":"https:\/\/demo.creativethemes.com\/blocksy\/business\/?page_id=215"},"modified":"2021-05-19T20:14:50","modified_gmt":"2021-05-19T20:14:50","slug":"about","status":"publish","type":"page","link":"http:\/\/stfitcenter.com.mx\/?page_id=215","title":{"rendered":"FIT KIDS"},"content":{"rendered":"\n<div class=\"wp-block-qubely-row alignfull qubely-section qubely-block-b1076d qubely-section-parallax\"><div class=\"qubely-row-overlay\"><\/div><div class=\"qubely-container\"><div class=\"qubely-row \">\n<div class=\"wp-block-qubely-column qubely-column qubely-column-front qubely-block-959b22\"><div class=\"qubely-column-inner\"><\/div><\/div>\n<\/div><\/div><\/div>\n\n\n\n<div class=\"wp-block-qubely-heading alignfull qubely-block-de6ce6\"><div class=\"qubely-block-heading  \"><div class=\"qubely-heading-container\"><h1 class=\"qubely-heading-selector\">FIT KIDS<\/h1><\/div><h4 class=\"qubely-sub-heading-selector\"><\/h4><\/div><\/div>\n\n\n\n<div class=\"wp-block-qubely-image alignfull qubely-block-a9ae1f\"><div class=\"qubely-block-image  qubely-image-layout-simple\"><div class=\"qubely-image-media qubely-vertical-alignment-center qubely-horizontal-alignment-center\"><figure><div class=\"qubely-image-container\"><img decoding=\"async\" class=\"qubely-image-image\" src=\"http:\/\/stfitcenter.com.mx\/wp-content\/uploads\/2021\/05\/d3qe-01.png\" alt=\"\"\/><\/div><\/figure><\/div><\/div><\/div>\n\n\n\n<div class=\"wp-block-qubely-wrapper alignfull qubely-block-035d00\"><div class=\"qubely-block-wrapper-block \">\n<p class=\"has-palette-color-5-color has-text-color has-medium-font-size\">MATRONATACI\u00d3N (Mam\u00e1 o Pap\u00e1 y Beb\u00e9)<\/p>\n\n\n\n<p class=\"has-palette-color-5-color has-text-color\" style=\"font-size:18px\">Edad:  De 6 meses a 2.5 a\u00f1os  \/   1 \u00f3 2 Clases a la semana  \/  Clase Particular \u00f3 en grupo<\/p>\n\n\n\n<p class=\"has-palette-color-5-color has-text-color\" style=\"font-size:18px\">La nataci\u00f3n para beb\u00e9s o matronataci\u00f3n es una experiencia afectiva, recreativa, placentera y estimulante. Los beb\u00e9s asisten a las clases junto a un adulto que los acompa\u00f1e. El profesor\/a a cargo de la clase, dar\u00e1 las herramientas necesarias al adulto para que pueda guiar al beb\u00e9 para realizar los distintos ejercicios. La duraci\u00f3n de la clase comienza con 30 min, conforme avanza con la edad y adaptaci\u00f3n al medio acu\u00e1tico la duraci\u00f3n de la clase aumenta hasta los 50min.<\/p>\n<\/div><\/div>\n\n\n\n<div class=\"wp-block-qubely-row alignfull qubely-section qubely-block-dc7bff\"><div class=\"qubely-row-overlay\"><\/div><div class=\"qubely-container\"><div class=\"qubely-row \">\n<div class=\"wp-block-qubely-column qubely-column qubely-column-front qubely-block-fdc9f9\"><div class=\"qubely-column-inner\">\n<div class=\"wp-block-qubely-image qubely-block-b82d68\"><div class=\"qubely-block-image  qubely-image-layout-simple\"><div class=\"qubely-image-media qubely-vertical-alignment-center qubely-horizontal-alignment-center\"><figure><div class=\"qubely-image-container\"><img decoding=\"async\" class=\"qubely-image-image\" src=\"http:\/\/stfitcenter.com.mx\/wp-content\/uploads\/2021\/05\/WhatsApp-Image-2021-05-06-at-3.43.32-PM-1-1.jpeg\" alt=\"\"\/><\/div><\/figure><\/div><\/div><\/div>\n<\/div><\/div>\n\n\n\n<div class=\"wp-block-qubely-column qubely-column qubely-column-front qubely-block-07632a\"><div class=\"qubely-column-inner\">\n<div class=\"wp-block-qubely-image qubely-block-83c8d8\"><div class=\"qubely-block-image  qubely-image-layout-simple\"><div class=\"qubely-image-media qubely-vertical-alignment-center qubely-horizontal-alignment-center\"><figure><div class=\"qubely-image-container\"><img decoding=\"async\" class=\"qubely-image-image\" src=\"http:\/\/stfitcenter.com.mx\/wp-content\/uploads\/2021\/05\/WhatsApp-Image-2021-05-17-at-5.52.40-PM.jpeg\" alt=\"\"\/><\/div><\/figure><\/div><\/div><\/div>\n<\/div><\/div>\n\n\n\n<div class=\"wp-block-qubely-column qubely-column qubely-column-front qubely-block-7e7599\"><div class=\"qubely-column-inner\">\n<div class=\"wp-block-qubely-image qubely-block-31e0df\"><div class=\"qubely-block-image  qubely-image-layout-simple\"><div class=\"qubely-image-media qubely-vertical-alignment-center qubely-horizontal-alignment-center\"><figure><div class=\"qubely-image-container\"><img decoding=\"async\" class=\"qubely-image-image\" src=\"http:\/\/stfitcenter.com.mx\/wp-content\/uploads\/2021\/05\/WhatsApp-Image-2021-05-06-at-3.43.32-PM.jpeg\" alt=\"\"\/><\/div><\/figure><\/div><\/div><\/div>\n<\/div><\/div>\n<\/div><\/div><\/div>\n\n\n\n<div class=\"wp-block-qubely-image alignfull qubely-block-c693b6\"><div class=\"qubely-block-image  qubely-image-layout-simple\"><div class=\"qubely-image-media qubely-vertical-alignment-center qubely-horizontal-alignment-center\"><figure><div class=\"qubely-image-container\"><img decoding=\"async\" class=\"qubely-image-image\" src=\"http:\/\/stfitcenter.com.mx\/wp-content\/uploads\/2021\/05\/3e3e-01.png\" alt=\"\"\/><\/div><\/figure><\/div><\/div><\/div>\n\n\n\n<div class=\"wp-block-qubely-wrapper alignfull qubely-block-e56eba\"><div class=\"qubely-block-wrapper-block \">\n<p class=\"has-palette-color-5-color has-text-color has-medium-font-size\">NATACI\u00d3N PARA NI\u00d1OS Y J\u00d3VENES<\/p>\n\n\n\n<p class=\"has-palette-color-5-color has-text-color\" style=\"font-size:18px\"> Edad: De  2.5  a 16 a\u00f1os   \/   1, 2, 3 \u00f3 5 clases a la semana   \/   Clase Particular \u00f3 en grupo<\/p>\n\n\n\n<p class=\"has-palette-color-5-color has-text-color\" style=\"font-size:18px\">Las clases de Nataci\u00f3n para ni\u00f1os y j\u00f3venes cuentan con un programa de ense\u00f1anza &#8211; aprendizaje, mismo que se adecua a la edad y el nivel acu\u00e1tico de cada alumno, los grupos son reducidos potencializando as\u00ed su aprendizaje. Nuestro programa acu\u00e1tico cuenta con clases abiertas y tem\u00e1ticas con el objetivo de complementar la ense\u00f1anza de las diferentes habilidades acu\u00e1ticas. En cada uno de los niveles de ense\u00f1anza prevalece la seguridad acu\u00e1tica integrando cada uno de sus elementos, generando as\u00ed una educaci\u00f3n acu\u00e1tica disfrutar el agua dentro y fuera de nuestras instalaciones. Contamos tambi\u00e9n, con un equipo representativo para todos aquellos alumnos que decidan llevar su aprendizaje a otro nivel. La duraci\u00f3n de la clase es de 50 minutos.<\/p>\n<\/div><\/div>\n\n\n\n<div class=\"wp-block-qubely-row alignfull qubely-section qubely-block-ec303f\"><div class=\"qubely-row-overlay\"><\/div><div class=\"qubely-container\"><div class=\"qubely-row \">\n<div class=\"wp-block-qubely-column qubely-column qubely-column-front qubely-block-71b669\"><div class=\"qubely-column-inner\">\n<div class=\"wp-block-qubely-image qubely-block-2f8050\"><div class=\"qubely-block-image  qubely-image-layout-simple\"><div class=\"qubely-image-media qubely-vertical-alignment-center qubely-horizontal-alignment-center\"><figure><div class=\"qubely-image-container\"><img decoding=\"async\" class=\"qubely-image-image\" src=\"http:\/\/stfitcenter.com.mx\/wp-content\/uploads\/2021\/05\/dae3w12-01.png\" alt=\"\"\/><\/div><\/figure><\/div><\/div><\/div>\n<\/div><\/div>\n\n\n\n<div class=\"wp-block-qubely-column qubely-column qubely-column-front qubely-block-baea35\"><div class=\"qubely-column-inner\">\n<div class=\"wp-block-qubely-image qubely-block-08abed\"><div class=\"qubely-block-image  qubely-image-layout-simple\"><div class=\"qubely-image-media qubely-vertical-alignment-center qubely-horizontal-alignment-center\"><figure><div class=\"qubely-image-container\"><img decoding=\"async\" class=\"qubely-image-image\" src=\"http:\/\/stfitcenter.com.mx\/wp-content\/uploads\/2021\/05\/awe12w-01.png\" alt=\"\"\/><\/div><\/figure><\/div><\/div><\/div>\n<\/div><\/div>\n\n\n\n<div class=\"wp-block-qubely-column qubely-column qubely-column-front qubely-block-cae308\"><div class=\"qubely-column-inner\">\n<div class=\"wp-block-qubely-image qubely-block-8827cc\"><div class=\"qubely-block-image  qubely-image-layout-simple\"><div class=\"qubely-image-media qubely-vertical-alignment-center qubely-horizontal-alignment-center\"><figure><div class=\"qubely-image-container\"><img decoding=\"async\" class=\"qubely-image-image\" src=\"http:\/\/stfitcenter.com.mx\/wp-content\/uploads\/2021\/05\/f3-01.png\" alt=\"\"\/><\/div><\/figure><\/div><\/div><\/div>\n<\/div><\/div>\n<\/div><\/div><\/div>\n\n\n\n<div class=\"wp-block-qubely-image alignfull qubely-block-f10170\"><div class=\"qubely-block-image  qubely-image-layout-simple\"><div class=\"qubely-image-media qubely-vertical-alignment-center qubely-horizontal-alignment-center\"><figure><div class=\"qubely-image-container\"><img decoding=\"async\" class=\"qubely-image-image\" src=\"http:\/\/stfitcenter.com.mx\/wp-content\/uploads\/2021\/05\/ballet-01.png\" alt=\"\"\/><\/div><\/figure><\/div><\/div><\/div>\n\n\n\n<div class=\"wp-block-qubely-wrapper alignfull qubely-block-adf7d4\"><div class=\"qubely-block-wrapper-block \">\n<p class=\"has-palette-color-5-color has-text-color has-medium-font-size\">BALLET<\/p>\n\n\n\n<p class=\"has-palette-color-5-color has-text-color\" style=\"font-size:18px\"> Edad: De 4 a 10 a\u00f1os    <\/p>\n\n\n\n<p class=\"has-palette-color-5-color has-text-color\">Como actividad extraescolar, el Ballet les encantar\u00e1 a tus hijos, es la clase perfecta para complementar sus actividades acad\u00e9micas, art\u00edsticas, deportivas.  El&nbsp;<em>ballet<\/em>&nbsp;puede ayudar, y mucho, a inculcar un sentido de la disciplina que les servir\u00e1 tanto para su presente como para su futuro y que&nbsp;<strong>ayuda tanto al desarrollo f\u00edsico como mental<\/strong>. Beneficios: Mejora la elasticidad, corrige la postura, relaja y libera adrenalina, aumentan la concentraci\u00f3n, potencializa la creatividad, forma el trabajo en equipo, entre otros.<\/p>\n<\/div><\/div>\n\n\n\n<div class=\"wp-block-qubely-row alignfull qubely-section qubely-block-718141\"><div class=\"qubely-row-overlay\"><\/div><div class=\"qubely-container\"><div class=\"qubely-row \">\n<div class=\"wp-block-qubely-column qubely-column qubely-column-front qubely-block-13ceee\"><div class=\"qubely-column-inner\">\n<div class=\"wp-block-qubely-image qubely-block-f2895d\"><div class=\"qubely-block-image  qubely-image-layout-simple\"><div class=\"qubely-image-media qubely-vertical-alignment-center qubely-horizontal-alignment-center\"><figure><div class=\"qubely-image-container\"><img decoding=\"async\" class=\"qubely-image-image\" src=\"http:\/\/stfitcenter.com.mx\/wp-content\/uploads\/2021\/05\/SADQ-01.png\" alt=\"\"\/><\/div><\/figure><\/div><\/div><\/div>\n<\/div><\/div>\n\n\n\n<div class=\"wp-block-qubely-column qubely-column qubely-column-front qubely-block-74679e\"><div class=\"qubely-column-inner\">\n<div class=\"wp-block-qubely-image qubely-block-756dc4\"><div class=\"qubely-block-image  qubely-image-layout-simple\"><div class=\"qubely-image-media qubely-vertical-alignment-center qubely-horizontal-alignment-center\"><figure><div class=\"qubely-image-container\"><img decoding=\"async\" class=\"qubely-image-image\" src=\"http:\/\/stfitcenter.com.mx\/wp-content\/uploads\/2021\/05\/DFSE-01.png\" alt=\"\"\/><\/div><\/figure><\/div><\/div><\/div>\n<\/div><\/div>\n\n\n\n<div class=\"wp-block-qubely-column qubely-column qubely-column-front qubely-block-0d1eb0\"><div class=\"qubely-column-inner\">\n<div class=\"wp-block-qubely-image qubely-block-0ca859\"><div class=\"qubely-block-image  qubely-image-layout-simple\"><div class=\"qubely-image-media qubely-vertical-alignment-center qubely-horizontal-alignment-center\"><figure><div class=\"qubely-image-container\"><img decoding=\"async\" class=\"qubely-image-image\" src=\"http:\/\/stfitcenter.com.mx\/wp-content\/uploads\/2021\/05\/QQWW-01.png\" alt=\"\"\/><\/div><\/figure><\/div><\/div><\/div>\n<\/div><\/div>\n<\/div><\/div><\/div>\n\n\n\n<div class=\"wp-block-qubely-image alignfull qubely-block-5c4360\"><div class=\"qubely-block-image  qubely-image-layout-simple\"><div class=\"qubely-image-media qubely-vertical-alignment-center qubely-horizontal-alignment-center\"><figure><div class=\"qubely-image-container\"><img decoding=\"async\" class=\"qubely-image-image\" src=\"http:\/\/stfitcenter.com.mx\/wp-content\/uploads\/2021\/05\/dq3eqw-01.png\" alt=\"\"\/><\/div><\/figure><\/div><\/div><\/div>\n\n\n\n<div class=\"wp-block-qubely-wrapper alignfull qubely-block-c0ea59\"><div class=\"qubely-block-wrapper-block \">\n<p class=\"has-palette-color-5-color has-text-color has-medium-font-size\">TAEKWONDO<\/p>\n\n\n\n<p class=\"has-palette-color-5-color has-text-color\" style=\"font-size:18px\"> Edad: De 5 a 10 a\u00f1os  <\/p>\n\n\n\n<p class=\"has-palette-color-5-color has-text-color\">Tus hijos aprender\u00e1n esta gran disciplina y les ayudara a mantener un buen&nbsp;<strong>equilibrio entre cuerpo, mente y esp\u00edritu<\/strong>. Que a la vez que hacen ejercicio f\u00edsico desarrollar\u00e1n sus<strong>&nbsp;habilidades de liderazgo, autoestima, confianz<\/strong>a, as\u00ed como otros valores que complementan  su formaci\u00f3n personal. No es nada m\u00e1gico, se llama <strong> Taekwondo.<\/strong><\/p>\n<\/div><\/div>\n\n\n\n<div class=\"wp-block-qubely-row alignfull qubely-section qubely-block-066d93\"><div class=\"qubely-row-overlay\"><\/div><div class=\"qubely-container\"><div class=\"qubely-row \">\n<div class=\"wp-block-qubely-column qubely-column qubely-column-front qubely-block-96818a\"><div class=\"qubely-column-inner\">\n<div class=\"wp-block-qubely-image qubely-block-3a024c\"><div class=\"qubely-block-image  qubely-image-layout-simple\"><div class=\"qubely-image-media qubely-vertical-alignment-center qubely-horizontal-alignment-center\"><figure><div class=\"qubely-image-container\"><img decoding=\"async\" class=\"qubely-image-image\" src=\"http:\/\/stfitcenter.com.mx\/wp-content\/uploads\/2021\/05\/e23qw-01.png\" alt=\"\"\/><\/div><\/figure><\/div><\/div><\/div>\n<\/div><\/div>\n\n\n\n<div class=\"wp-block-qubely-column qubely-column qubely-column-front qubely-block-628a9f\"><div class=\"qubely-column-inner\">\n<div class=\"wp-block-qubely-image qubely-block-bb558d\"><div class=\"qubely-block-image  qubely-image-layout-simple\"><div class=\"qubely-image-media qubely-vertical-alignment-center qubely-horizontal-alignment-center\"><figure><div class=\"qubely-image-container\"><img decoding=\"async\" class=\"qubely-image-image\" src=\"http:\/\/stfitcenter.com.mx\/wp-content\/uploads\/2021\/05\/qewqeq-01.png\" alt=\"\"\/><\/div><\/figure><\/div><\/div><\/div>\n<\/div><\/div>\n\n\n\n<div class=\"wp-block-qubely-column qubely-column qubely-column-front qubely-block-122ce7\"><div class=\"qubely-column-inner\">\n<div class=\"wp-block-qubely-image qubely-block-da5b25\"><div class=\"qubely-block-image  qubely-image-layout-simple\"><div class=\"qubely-image-media qubely-vertical-alignment-center qubely-horizontal-alignment-center\"><figure><div class=\"qubely-image-container\"><img decoding=\"async\" class=\"qubely-image-image\" src=\"http:\/\/stfitcenter.com.mx\/wp-content\/uploads\/2021\/05\/eq3eqw-01.png\" alt=\"\"\/><\/div><\/figure><\/div><\/div><\/div>\n<\/div><\/div>\n<\/div><\/div><\/div>\n\n\n\n<div class=\"wp-block-qubely-image alignfull qubely-block-3e0371\"><div class=\"qubely-block-image  qubely-image-layout-simple\"><div class=\"qubely-image-media qubely-vertical-alignment-center qubely-horizontal-alignment-center\"><figure><div class=\"qubely-image-container\"><img decoding=\"async\" class=\"qubely-image-image\" src=\"http:\/\/stfitcenter.com.mx\/wp-content\/uploads\/2021\/05\/daweq-01.png\" alt=\"\"\/><\/div><\/figure><\/div><\/div><\/div>\n\n\n\n<div class=\"wp-block-qubely-wrapper alignfull qubely-block-c4db14\"><div class=\"qubely-block-wrapper-block \">\n<p class=\"has-palette-color-5-color has-text-color has-medium-font-size\">BALLET<\/p>\n\n\n\n<p class=\"has-palette-color-5-color has-text-color\" style=\"font-size:18px\"> Edad: De 6 a 16 a\u00f1os    <\/p>\n\n\n\n<p class=\"has-palette-color-5-color has-text-color\">La\u00a0<strong>Danza A\u00e9rea<\/strong>\u00a0(acrobacia en tela o gimnasia a\u00e9rea) es resultado de un proceso de transformaci\u00f3n de distintas disciplinas art\u00edsticas y deportivas que combinan la danza, artes circenses, acrobacia, ballet, teatro y coreograf\u00eda. Se complementa con m\u00fasica y los movimientos de los practicantes. es dif\u00edcil para los bailarines Se realiza principalmente suspendido en el aire, soliendo usarse t\u00e9cnicas de escalada, \u00a0y gimnasia. Es una disciplina que exige una relaci\u00f3n corporal, mental y espiritual, as\u00ed como una rigurosa disciplina y constancia, pues combina la est\u00e9tica de la danza con la fuerza f\u00edsica y la preparaci\u00f3n mental para su desarrollo, pues al realizarse a grandes alturas requiere un control corporal y mental considerable<\/p>\n<\/div><\/div>\n\n\n\n<div class=\"wp-block-qubely-row alignfull qubely-section qubely-block-43fff2\"><div class=\"qubely-row-overlay\"><\/div><div class=\"qubely-container\"><div class=\"qubely-row \">\n<div class=\"wp-block-qubely-column qubely-column qubely-column-front qubely-block-986fd2\"><div class=\"qubely-column-inner\">\n<div class=\"wp-block-qubely-image qubely-block-760816\"><div class=\"qubely-block-image  qubely-image-layout-simple\"><div class=\"qubely-image-media qubely-vertical-alignment-center qubely-horizontal-alignment-center\"><figure><div class=\"qubely-image-container\"><img decoding=\"async\" class=\"qubely-image-image\" src=\"http:\/\/stfitcenter.com.mx\/wp-content\/uploads\/2021\/05\/E234E-01.png\" alt=\"\"\/><\/div><\/figure><\/div><\/div><\/div>\n<\/div><\/div>\n\n\n\n<div class=\"wp-block-qubely-column qubely-column qubely-column-front qubely-block-453bb3\"><div class=\"qubely-column-inner\">\n<div class=\"wp-block-qubely-image qubely-block-930729\"><div class=\"qubely-block-image  qubely-image-layout-simple\"><div class=\"qubely-image-media qubely-vertical-alignment-center qubely-horizontal-alignment-center\"><figure><div class=\"qubely-image-container\"><img decoding=\"async\" class=\"qubely-image-image\" src=\"http:\/\/stfitcenter.com.mx\/wp-content\/uploads\/2021\/05\/DQWEQ-01.png\" alt=\"\"\/><\/div><\/figure><\/div><\/div><\/div>\n<\/div><\/div>\n\n\n\n<div class=\"wp-block-qubely-column qubely-column qubely-column-front qubely-block-50ed62\"><div class=\"qubely-column-inner\">\n<div class=\"wp-block-qubely-image qubely-block-33a3a3\"><div class=\"qubely-block-image  qubely-image-layout-simple\"><div class=\"qubely-image-media qubely-vertical-alignment-center qubely-horizontal-alignment-center\"><figure><div class=\"qubely-image-container\"><img decoding=\"async\" class=\"qubely-image-image\" src=\"http:\/\/stfitcenter.com.mx\/wp-content\/uploads\/2021\/05\/dsasda-01.png\" alt=\"\"\/><\/div><\/figure><\/div><\/div><\/div>\n<\/div><\/div>\n<\/div><\/div><\/div>\n\n\n\n<div class=\"wp-block-qubely-row qubely-section qubely-block-719c72\"><div class=\"qubely-row-overlay\"><\/div><div class=\"qubely-container\"><div class=\"qubely-row \">\n<div class=\"wp-block-qubely-column qubely-column qubely-column-front qubely-block-d685e4\"><div class=\"qubely-column-inner\"><\/div><\/div>\n<\/div><\/div><\/div>\n\n\n\n<p><\/p>\n","protected":false},"excerpt":{"rendered":"","protected":false},"author":1,"featured_media":0,"parent":0,"menu_order":0,"comment_status":"closed","ping_status":"closed","template":"","meta":{"qubely_global_settings":"","qubely_interactions":"","footnotes":""},"class_list":["post-215","page","type-page","status-publish","hentry"],"blocksy_meta":{"page_title_panel":"","has_hero_section":"disabled","0df2dca53447789c9966a9ee2482ae8e":"","hero_section":"type-1","hero_elements":[{"id":"custom_title","enabled":true,"heading_tag":"h1","title":"Home"},{"id":"custom_description","enabled":true,"description_visibility":{"desktop":true,"tablet":true,"mobile":false}},{"id":"custom_meta","enabled":false,"meta_elements":[{"id":"author","enabled":true,"label":"By","has_author_avatar":"yes","avatar_size":25},{"id":"post_date","enabled":true,"label":"On","date_format_source":"default","date_format":"M j, Y"},{"id":"comments","enabled":true}],"page_meta_elements":{"joined":true,"articles_count":true,"comments":true}},{"id":"breadcrumbs","enabled":false}],"9a068402903147dab0312ed721d813d1":"","hero_alignment1":"left","hero_alignment2":"center","hero_vertical_alignment":"center","878df3921d36f5f7834a2f50f2d62119":"","hero_structure":"narrow","c672b96ecc952ad64c8c2d7fdf1a61dc":"","page_title_bg_type":"featured_image","custom_hero_background":{"attachment_id":null},"parallax":{"desktop":false,"tablet":false,"mobile":false},"cc7bcd5456d7cac909e888486d83b616":"","hero_height":"250px","pageTitleFont":{"family":"Default","variation":"Default","size":{"desktop":"32px","tablet":"30px","mobile":"25px"},"line-height":"CT_CSS_SKIP_RULE","letter-spacing":"CT_CSS_SKIP_RULE","text-transform":"CT_CSS_SKIP_RULE","text-decoration":"CT_CSS_SKIP_RULE"},"pageTitleFontColor":{"default":{"color":"CT_CSS_SKIP_RULEDEFAULT"}},"pageMetaFont":{"family":"Default","variation":"n6","size":"12px","line-height":"1.3","letter-spacing":"CT_CSS_SKIP_RULE","text-transform":"uppercase","text-decoration":"CT_CSS_SKIP_RULE"},"pageMetaFontColor":{"default":{"color":"CT_CSS_SKIP_RULEDEFAULT"},"hover":{"color":"CT_CSS_SKIP_RULEDEFAULT"}},"pageExcerptFont":{"family":"Default","variation":"Default","size":"CT_CSS_SKIP_RULE","line-height":"CT_CSS_SKIP_RULE","letter-spacing":"CT_CSS_SKIP_RULE","text-transform":"CT_CSS_SKIP_RULE","text-decoration":"CT_CSS_SKIP_RULE"},"pageExcerptColor":{"default":{"color":"CT_CSS_SKIP_RULEDEFAULT"}},"breadcrumbsFont":{"family":"Default","variation":"n6","size":"12px","line-height":"CT_CSS_SKIP_RULE","letter-spacing":"CT_CSS_SKIP_RULE","text-transform":"uppercase","text-decoration":"CT_CSS_SKIP_RULE"},"breadcrumbsFontColor":{"default":{"color":"CT_CSS_SKIP_RULEDEFAULT"},"initial":{"color":"CT_CSS_SKIP_RULEDEFAULT"},"hover":{"color":"CT_CSS_SKIP_RULEDEFAULT"}},"pageTitleOverlay":{"default":{"color":"rgba(41, 51, 60, 0.2)"}},"pageTitleBackground":{"background_type":"color","background_pattern":"type-1","background_image":{"attachment_id":null,"x":0,"y":0},"background_repeat":"no-repeat","background_size":"auto","background_attachment":"scroll","patternColor":{"default":{"color":"#e5e7ea"}},"backgroundColor":{"default":{"color":"#EDEFF2"}}},"5384544efa2613b7222fa667fe0c3bd5":"","page_structure_type":"default","content_style":"inherit","vertical_spacing_source":"custom","content_area_spacing":"none","background":{"background_type":"color","background_pattern":"type-1","background_image":{"attachment_id":null,"x":0,"y":0},"background_repeat":"no-repeat","background_size":"auto","background_attachment":"scroll","patternColor":{"default":{"color":"#e5e7ea"}},"backgroundColor":{"default":{"color":"CT_CSS_SKIP_RULE"}}},"content_background":{"background_type":"color","background_pattern":"type-1","background_image":{"attachment_id":null,"x":0,"y":0},"background_repeat":"no-repeat","background_size":"auto","background_attachment":"scroll","patternColor":{"default":{"color":"#e5e7ea"}},"backgroundColor":{"default":{"color":"#ffffff"}}},"content_boxed_spacing":{"desktop":"40px","tablet":"35px","mobile":"20px"},"content_boxed_radius":{"top":"3px","bottom":"3px","left":"3px","right":"3px","linked":true},"content_boxed_shadow":{"blur":18,"spread":-6,"v_offset":12,"h_offset":0,"inset":false,"enable":true,"color":{"color":"rgba(34, 56, 101, 0.04)"}},"7b360c47770bb2bc7820037d1b7ccdae":"","disable_featured_image":"no","disable_header":"no","disable_footer":"no"},"_links":{"self":[{"href":"http:\/\/stfitcenter.com.mx\/index.php?rest_route=\/wp\/v2\/pages\/215","targetHints":{"allow":["GET"]}}],"collection":[{"href":"http:\/\/stfitcenter.com.mx\/index.php?rest_route=\/wp\/v2\/pages"}],"about":[{"href":"http:\/\/stfitcenter.com.mx\/index.php?rest_route=\/wp\/v2\/types\/page"}],"author":[{"embeddable":true,"href":"http:\/\/stfitcenter.com.mx\/index.php?rest_route=\/wp\/v2\/users\/1"}],"replies":[{"embeddable":true,"href":"http:\/\/stfitcenter.com.mx\/index.php?rest_route=%2Fwp%2Fv2%2Fcomments&post=215"}],"version-history":[{"count":120,"href":"http:\/\/stfitcenter.com.mx\/index.php?rest_route=\/wp\/v2\/pages\/215\/revisions"}],"predecessor-version":[{"id":1517,"href":"http:\/\/stfitcenter.com.mx\/index.php?rest_route=\/wp\/v2\/pages\/215\/revisions\/1517"}],"wp:attachment":[{"href":"http:\/\/stfitcenter.com.mx\/index.php?rest_route=%2Fwp%2Fv2%2Fmedia&parent=215"}],"curies":[{"name":"wp","href":"https:\/\/api.w.org\/{rel}","templated":true}]}}