{"id":9,"date":"2021-03-31T21:13:00","date_gmt":"2021-03-31T21:13:00","guid":{"rendered":"https:\/\/demo.creativethemes.com\/blocksy\/business\/?page_id=9"},"modified":"2021-05-18T00:46:59","modified_gmt":"2021-05-18T00:46:59","slug":"fit-center","status":"publish","type":"page","link":"http:\/\/stfitcenter.com.mx\/","title":{"rendered":"FIT CENTER"},"content":{"rendered":"\n<div class=\"wp-block-qubely-row alignfull qubely-section qubely-block-793b1c\"><div class=\"qubely-row-overlay\"><\/div><div class=\"qubely-container\"><div class=\"qubely-row \">\n<div class=\"wp-block-qubely-column qubely-column qubely-column-front qubely-block-ba876b\"><div class=\"qubely-column-inner\"><\/div><\/div>\n<\/div><\/div><\/div>\n\n\n\n<div class=\"wp-block-qubely-row qubely-section qubely-block-7365c8\"><div class=\"qubely-row-overlay\"><\/div><div class=\"qubely-container\"><div class=\"qubely-row \">\n<div class=\"wp-block-qubely-column qubely-column qubely-column-front qubely-block-09e4c1\"><div class=\"qubely-column-inner\"><\/div><\/div>\n<\/div><\/div><\/div>\n\n\n\n<div class=\"wp-block-qubely-text qubely-block-ed3446\"><div class=\"qubely-block-text  \"><div class=\"qubely-block-text-title-container  qubely-separator-position-top\"><div class=\"qubely-block-text-title-inner\"><h5 class=\"qubely-block-text-title\">MEMBRESI\u00c1S<\/h5><\/div><div class=\"qubely-block-text-sub-title-container\"><h3 class=\"qubely-block-text-sub-title\">Forma parte de la familia Fit Center al inscribirte en forma individual, pareja, familiar \u00f3 grupo empresarial.<\/h3><\/div><\/div><p><\/p><\/div><\/div>\n\n\n\n<div class=\"wp-block-qubely-row qubely-section qubely-block-f67882\"><div class=\"qubely-row-overlay\"><\/div><div class=\"qubely-container\"><div class=\"qubely-row \">\n<div class=\"wp-block-qubely-column qubely-column qubely-column-front qubely-block-af2e8f\"><div class=\"qubely-column-inner\">\n<div class=\"wp-block-qubely-infobox qubely-block-76442b\"><div class=\"qubely-block-info-box  qubely-info-box-layout-1\"><div class=\"qubely-info-box-media\"><img decoding=\"async\" class=\"qubely-info-box-image\" src=\"http:\/\/stfitcenter.com.mx\/wp-content\/uploads\/2021\/03\/001-e1616712111418.png\" srcset=\"\" alt=\"\"\/><\/div><div class=\"qubely-info-box-body\"><div class=\"qubely-info-box-title-container  qubely-separator-position-top\"><div class=\"qubely-info-box-title-inner\"><h2 class=\"qubely-info-box-title\">FIT SWIM<\/h2><\/div><div class=\"qubely-info-box-sub-title-container\"><h3 class=\"qubely-info-box-sub-title\"><em>Nataci\u00f3n<\/em><\/h3><\/div><\/div><div class=\"qubely-info-box-content\"><div class=\"qubely-info-box-text\">Membres\u00eda con la cual tendr\u00e1s acceso al \u00e1rea de alberca,  desarrollar tus habilidades acu\u00e1ticas con gran versatilidad en los programas de ense\u00f1anza y\/\u00f3 entrenamiento enfocados a Nataci\u00f3n, Aquafitness, Triatl\u00f3n y Aguas Abiertas. Escoge desde una hasta siete clases por semana.<\/div><\/div><\/div><\/div><\/div>\n<\/div><\/div>\n\n\n\n<div class=\"wp-block-qubely-column qubely-column qubely-column-front qubely-block-e1dcee\"><div class=\"qubely-column-inner\">\n<div class=\"wp-block-qubely-infobox qubely-block-7d062f\"><div class=\"qubely-block-info-box  qubely-info-box-layout-1\"><div class=\"qubely-info-box-media\"><img decoding=\"async\" class=\"qubely-info-box-image\" src=\"http:\/\/stfitcenter.com.mx\/wp-content\/uploads\/2021\/03\/003-e1616712047716.png\" srcset=\"\" alt=\"\"\/><\/div><div class=\"qubely-info-box-body\"><div class=\"qubely-info-box-title-container  qubely-separator-position-top\"><div class=\"qubely-info-box-title-inner\"><h2 class=\"qubely-info-box-title\">FIT GYM &amp; FITNESS<\/h2><\/div><div class=\"qubely-info-box-sub-title-container\"><h3 class=\"qubely-info-box-sub-title\"><em>Gym &amp; Fitness<\/em><\/h3><\/div><\/div><div class=\"qubely-info-box-content\"><div class=\"qubely-info-box-text\">Membresia con la cual tendr\u00e1s acceso ilimitado al \u00e1rea de gimnasio y salones para clases fitness. Participa en nuestros entrenamientos de en el gimnasio, clases de yoga, pilates, entrenamiento funcional, indoor cycling, TRX y muchas m\u00e1s actividades que se acomodar\u00e1n a tus actividades diarias.<\/div><\/div><\/div><\/div><\/div>\n<\/div><\/div>\n\n\n\n<div class=\"wp-block-qubely-column qubely-column qubely-column-front qubely-block-cd10b6\"><div class=\"qubely-column-inner\">\n<div class=\"wp-block-qubely-infobox qubely-block-62ca35\"><div class=\"qubely-block-info-box  qubely-info-box-layout-1\"><div class=\"qubely-info-box-media\"><img decoding=\"async\" class=\"qubely-info-box-image\" src=\"http:\/\/stfitcenter.com.mx\/wp-content\/uploads\/2021\/03\/006-e1616709730118.png\" srcset=\"\" alt=\"\"\/><\/div><div class=\"qubely-info-box-body\"><div class=\"qubely-info-box-title-container  qubely-separator-position-top\"><div class=\"qubely-info-box-title-inner\"><h2 class=\"qubely-info-box-title\">FIT HERE<\/h2><\/div><div class=\"qubely-info-box-sub-title-container\"><h3 class=\"qubely-info-box-sub-title\"><em>Nataci\u00f3n, Gym &amp; Fit<\/em><\/h3><\/div><\/div><div class=\"qubely-info-box-content\"><div class=\"qubely-info-box-text\">Sin duda, el programa deportivo mas completo y con mejores beneficios, tendr\u00e1s acceso ilimitado a todas las \u00e1reas del Centro Deportivo. Podr\u00e1s acceder a todos los programas de entrenamiento: Nataci\u00f3n, Gimnasio, Fit Zen, Fit Dance, Fit Functional, Indoor Cycling &#8220;<br>Todo en un mismo lugar&#8221;<\/div><\/div><\/div><\/div><\/div>\n<\/div><\/div>\n<\/div><\/div><\/div>\n\n\n\n<div class=\"wp-block-qubely-row alignfull qubely-section qubely-block-165962\"><div class=\"qubely-row-overlay\"><\/div><div class=\"qubely-container\"><div class=\"qubely-row \">\n<div class=\"wp-block-qubely-column qubely-column qubely-column-front qubely-block-b5ce01\"><div class=\"qubely-column-inner\"><\/div><\/div>\n<\/div><\/div><\/div>\n\n\n\n<div class=\"wp-block-qubely-row alignfull qubely-section qubely-block-400f7d\"><div class=\"qubely-row-overlay\"><\/div><div class=\"qubely-container\"><div class=\"qubely-row \">\n<div class=\"wp-block-qubely-column qubely-column qubely-column-front qubely-block-39d3fc\"><div class=\"qubely-column-inner\">\n<div class=\"wp-block-qubely-heading alignwide qubely-block-5278c8\" id=\"3-alberca\"><div class=\"qubely-block-heading  \"><div class=\"qubely-heading-container\"><h2 class=\"qubely-heading-selector\">ALBERCA<\/h2><\/div><h4 class=\"qubely-sub-heading-selector\">Sin duda, la mejor alberca de Quer\u00e9taro. <br>Su dise\u00f1o estructural, la convierte en una alberca segura para las personas que saben o no nadar. <br>Ideal para aprender a nadar y para prepararte de la mejor forma para alg\u00fan evento de nataci\u00f3n, aqua fitness, triatl\u00f3n o aguas abiertas.<\/h4><\/div><\/div>\n<\/div><\/div>\n\n\n\n<div class=\"wp-block-qubely-column qubely-column qubely-column-front qubely-block-b6d662\"><div class=\"qubely-column-inner\">\n<div class=\"wp-block-group\"><div class=\"wp-block-group__inner-container is-layout-flow wp-block-group-is-layout-flow\">\n<div class=\"wp-block-columns is-layout-flex wp-container-core-columns-is-layout-9d6595d7 wp-block-columns-is-layout-flex\">\n<div class=\"wp-block-column is-layout-flow wp-block-column-is-layout-flow\" style=\"flex-basis:100%\"><\/div>\n<\/div>\n<\/div><\/div>\n\n\n\n<div class=\"wp-block-qubely-row qubely-section qubely-block-0e2c28\"><div class=\"qubely-row-overlay\"><\/div><div class=\"qubely-container-fluid\"><div class=\"qubely-row \">\n<div class=\"wp-block-qubely-column qubely-column qubely-column-front qubely-block-bfafd2\"><div class=\"qubely-column-inner\">\n<div class=\"wp-block-qubely-advancedlist qubely-block-99752f\"><div class=\"qubely-block-advanced-list  qubely-alignment-left\"><ul class=\"qubely-list qubely-list-type-unordered qubely-list-bullet-check-circle\"><li>Alberca Climatizada.<\/li><li>6 carriles.<\/li><li>Profundidad 1.40mts<\/li><\/ul><\/div><\/div>\n<\/div><\/div>\n\n\n\n<div class=\"wp-block-qubely-column qubely-column qubely-column-front qubely-block-3e5732\"><div class=\"qubely-column-inner\">\n<div class=\"wp-block-qubely-advancedlist qubely-block-21d798\"><div class=\"qubely-block-advanced-list  qubely-alignment-left\"><ul class=\"qubely-list qubely-list-type-unordered qubely-list-bullet-check-circle\"><li>Temperatura 28 a 30\u00b0<\/li><li>Excelente calidad del agua.<\/li><\/ul><\/div><\/div>\n<\/div><\/div>\n<\/div><\/div><\/div>\n<\/div><\/div>\n<\/div><\/div><\/div>\n\n\n\n<div class=\"wp-block-qubely-row alignfull qubely-section qubely-block-80b77c\"><div class=\"qubely-row-overlay\"><\/div><div class=\"qubely-container\"><div class=\"qubely-row \">\n<div class=\"wp-block-qubely-column qubely-column qubely-column-front qubely-block-8b7b18\"><div class=\"qubely-column-inner\"><\/div><\/div>\n<\/div><\/div><\/div>\n\n\n\n<div class=\"wp-block-qubely-row alignfull qubely-section qubely-block-f63bc3\"><div class=\"qubely-row-overlay\"><\/div><div class=\"qubely-container\"><div class=\"qubely-row \">\n<div class=\"wp-block-qubely-column qubely-column qubely-column-front qubely-block-f24091\"><div class=\"qubely-column-inner\">\n<div class=\"wp-block-qubely-heading qubely-block-f83b50\" id=\"4-gimnasio\"><div class=\"qubely-block-heading  \"><div class=\"qubely-heading-container\"><h2 class=\"qubely-heading-selector\">GIMNASIO<\/h2><\/div><h4 class=\"qubely-sub-heading-selector\">Se encuentra equipado con los mejores equipos del segmento. La conexi\u00f3n mediante&nbsp;<strong>Wi-Fi o Bluetooth<\/strong>&nbsp;permite a los usuarios conectarse f\u00e1cilmente con la m\u00e1quina a la aplicaci\u00f3n&nbsp;<strong>LFconnect<\/strong>. De esta forma, los datos de sus entrenamientos no se pierden y a\u00f1ade una motivaci\u00f3n extra y una preocupaci\u00f3n menos<\/h4><\/div><\/div>\n<\/div><\/div>\n\n\n\n<div class=\"wp-block-qubely-column qubely-column qubely-column-front qubely-block-599c20\"><div class=\"qubely-column-inner\">\n<div class=\"wp-block-columns is-layout-flex wp-container-core-columns-is-layout-9d6595d7 wp-block-columns-is-layout-flex\">\n<div class=\"wp-block-column is-layout-flow wp-block-column-is-layout-flow\" style=\"flex-basis:100%\"><\/div>\n<\/div>\n\n\n\n<div class=\"wp-block-qubely-row qubely-section qubely-block-78d8f7\"><div class=\"qubely-row-overlay\"><\/div><div class=\"qubely-container-fluid\"><div class=\"qubely-row \">\n<div class=\"wp-block-qubely-column qubely-column qubely-column-front qubely-block-2d7772\"><div class=\"qubely-column-inner\">\n<div class=\"wp-block-qubely-advancedlist qubely-block-60bdf8\"><div class=\"qubely-block-advanced-list  qubely-alignment-left\"><ul class=\"qubely-list qubely-list-type-unordered qubely-list-bullet-check-circle\"><li>\u00c1rea de Cardio<\/li><li>\u00c1rea de Peso Libre<\/li><li>\u00c1rea de Peso Integrado<\/li><\/ul><\/div><\/div>\n<\/div><\/div>\n\n\n\n<div class=\"wp-block-qubely-column qubely-column qubely-column-front qubely-block-8a5c90\"><div class=\"qubely-column-inner\">\n<div class=\"wp-block-qubely-advancedlist qubely-block-fb3198\"><div class=\"qubely-block-advanced-list  qubely-alignment-left\"><ul class=\"qubely-list qubely-list-type-unordered qubely-list-bullet-check-circle\"><li>Entrenamiento con grupos reducidos.<\/li><li>Accesorios para entrenamiento.\u00a0<\/li><\/ul><\/div><\/div>\n<\/div><\/div>\n<\/div><\/div><\/div>\n<\/div><\/div>\n<\/div><\/div><\/div>\n\n\n\n<div class=\"wp-block-qubely-row alignfull qubely-section qubely-block-40750d\"><div class=\"qubely-row-overlay\"><\/div><div class=\"qubely-container\"><div class=\"qubely-row \">\n<div class=\"wp-block-qubely-column qubely-column qubely-column-front qubely-block-f67a62\"><div class=\"qubely-column-inner\"><\/div><\/div>\n<\/div><\/div><\/div>\n\n\n\n<div class=\"wp-block-qubely-row alignfull qubely-section qubely-block-f20898\"><div class=\"qubely-row-overlay\"><\/div><div class=\"qubely-container\"><div class=\"qubely-row \">\n<div class=\"wp-block-qubely-column qubely-column qubely-column-front qubely-block-4473c4\"><div class=\"qubely-column-inner\">\n<div class=\"wp-block-qubely-heading qubely-block-698214\" id=\"4-gimnasio\"><div class=\"qubely-block-heading  \"><div class=\"qubely-heading-container\"><h2 class=\"qubely-heading-selector\">FITNESS<\/h2><\/div><h4 class=\"qubely-sub-heading-selector\">Mant\u00e9n tu cuerpo equilibrado, mejora la resistencia aer\u00f3bica, reduce el riesgo de obesidad, evita el estr\u00e9s, desarrolla fuerza muscular y aumenta tu flexibilidad, participando en nuestras clases de:<\/h4><\/div><\/div>\n<\/div><\/div>\n\n\n\n<div class=\"wp-block-qubely-column qubely-column qubely-column-front qubely-block-9edc2a\"><div class=\"qubely-column-inner\">\n<div class=\"wp-block-columns is-layout-flex wp-container-core-columns-is-layout-9d6595d7 wp-block-columns-is-layout-flex\">\n<div class=\"wp-block-column is-layout-flow wp-block-column-is-layout-flow\" style=\"flex-basis:100%\"><\/div>\n<\/div>\n\n\n\n<div class=\"wp-block-qubely-row qubely-section qubely-block-499384\"><div class=\"qubely-row-overlay\"><\/div><div class=\"qubely-container-fluid\"><div class=\"qubely-row \">\n<div class=\"wp-block-qubely-column qubely-column qubely-column-front qubely-block-2aa567\"><div class=\"qubely-column-inner\">\n<div class=\"wp-block-qubely-advancedlist qubely-block-b637cd\"><div class=\"qubely-block-advanced-list  qubely-alignment-left\"><ul class=\"qubely-list qubely-list-type-unordered qubely-list-bullet-check-circle\"><li>Yoga y Pilates<\/li><li>Entrenamiento Funcional<\/li><li>Zumba y Ritmos Latinos<\/li><\/ul><\/div><\/div>\n<\/div><\/div>\n\n\n\n<div class=\"wp-block-qubely-column qubely-column qubely-column-front qubely-block-d87077\"><div class=\"qubely-column-inner\">\n<div class=\"wp-block-qubely-advancedlist qubely-block-147a9d\"><div class=\"qubely-block-advanced-list  qubely-alignment-left\"><ul class=\"qubely-list qubely-list-type-unordered qubely-list-bullet-check-circle\"><li>TRX.<\/li><li>Indoor Cycling\u00a0<\/li><li>Telas A\u00e9reas y m\u00e1s&#8230;<\/li><\/ul><\/div><\/div>\n<\/div><\/div>\n<\/div><\/div><\/div>\n<\/div><\/div>\n<\/div><\/div><\/div>\n\n\n\n<div class=\"wp-block-group alignfull\"><div class=\"wp-block-group__inner-container is-layout-flow wp-block-group-is-layout-flow\">\n<p><\/p>\n<\/div><\/div>\n\n\n\n<div class=\"wp-block-qubely-row alignfull qubely-section qubely-block-51dc4d\"><div class=\"qubely-row-overlay\"><\/div><div class=\"qubely-container\"><div class=\"qubely-row \">\n<div class=\"wp-block-qubely-column qubely-column qubely-column-front qubely-block-5d37ce\"><div class=\"qubely-column-inner\">\n<div class=\"wp-block-qubely-videopopup qubely-block-ca3cd0\"><div class=\"qubely-block-videopopup-wrapper  qubely-alignment-center\"><div class=\"qubely-block-videopopup-overlay\"><\/div><div class=\"qubely-block-videopopup qubely-size-custom\"><a class=\"qubely-video-popup\" href=\"http:\/\/stfitcenter.com.mx\/wp-content\/uploads\/2021\/03\/PANORAMICO-BEBES.mp4\"><i class=\"qubely-btn-icon fas fa-play\"><\/i><\/a><\/div><\/div><\/div>\n\n\n\n<p class=\"has-text-align-center has-palette-color-5-color has-text-color has-small-font-size\"><strong>FIT SWIM BABY<\/strong><\/p>\n<\/div><\/div>\n\n\n\n<div class=\"wp-block-qubely-column qubely-column qubely-column-front qubely-block-872219\"><div class=\"qubely-column-inner\">\n<div class=\"wp-block-qubely-videopopup qubely-block-73c8d3\"><div class=\"qubely-block-videopopup-wrapper  qubely-alignment-center\"><div class=\"qubely-block-videopopup-overlay\"><\/div><div class=\"qubely-block-videopopup qubely-size-custom\"><a class=\"qubely-video-popup\" href=\"http:\/\/stfitcenter.com.mx\/wp-content\/uploads\/2021\/03\/GOPR5707.mp4\"><i class=\"qubely-btn-icon fas fa-play\"><\/i><\/a><\/div><\/div><\/div>\n\n\n\n<p class=\"has-text-align-center has-palette-color-5-color has-text-color has-small-font-size\">FIT SWIM MASTER<\/p>\n<\/div><\/div>\n\n\n\n<div class=\"wp-block-qubely-column qubely-column qubely-column-front qubely-block-dc0074\"><div class=\"qubely-column-inner\">\n<div class=\"wp-block-qubely-videopopup qubely-block-515b5e\"><div class=\"qubely-block-videopopup-wrapper  qubely-alignment-center\"><div class=\"qubely-block-videopopup-overlay\"><\/div><div class=\"qubely-block-videopopup qubely-size-custom\"><a class=\"qubely-video-popup\" href=\"http:\/\/stfitcenter.com.mx\/wp-content\/uploads\/2021\/03\/QUIK_20210330_1956321.mp4\"><i class=\"qubely-btn-icon fas fa-play\"><\/i><\/a><\/div><\/div><\/div>\n\n\n\n<p class=\"has-text-align-center has-palette-color-5-color has-text-color has-small-font-size\">FITNESS<\/p>\n<\/div><\/div>\n\n\n\n<div class=\"wp-block-qubely-column qubely-column qubely-column-front qubely-block-63e870\"><div class=\"qubely-column-inner\">\n<div class=\"wp-block-qubely-videopopup qubely-block-561c33\"><div class=\"qubely-block-videopopup-wrapper  qubely-alignment-center\"><div class=\"qubely-block-videopopup-overlay\"><\/div><div class=\"qubely-block-videopopup qubely-size-custom\"><a class=\"qubely-video-popup\" href=\"https:\/\/www.youtube.com\/watch?v=twMjQGEa0SU\"><i class=\"qubely-btn-icon fas fa-play\"><\/i><\/a><\/div><\/div><\/div>\n\n\n\n<p class=\"has-text-align-center has-palette-color-5-color has-text-color has-small-font-size\">HIDRATACI\u00d3N<\/p>\n<\/div><\/div>\n<\/div><\/div><\/div>\n\n\n\n<div class=\"wp-block-qubely-row qubely-section qubely-block-488278\"><div class=\"qubely-row-overlay\"><\/div><div class=\"qubely-container\"><div class=\"qubely-row \">\n<div class=\"wp-block-qubely-column qubely-column qubely-column-front qubely-block-092222\"><div class=\"qubely-column-inner\">\n<div class=\"wp-block-qubely-heading qubely-block-355074\" id=\"6-que-piensan-de-nosotros\"><div class=\"qubely-block-heading  \"><div class=\"qubely-heading-container\"><h2 class=\"qubely-heading-selector\">Que piensan de nosotros&#8230;<\/h2><\/div><h3 class=\"qubely-sub-heading-selector\"><\/h3><\/div><\/div>\n<\/div><\/div>\n<\/div><\/div><\/div>\n\n\n\n<div class=\"wp-block-qubely-row qubely-section qubely-block-854282\"><div class=\"qubely-row-overlay\"><\/div><div class=\"qubely-container\"><div class=\"qubely-row \">\n<div class=\"wp-block-qubely-column qubely-column qubely-column-front qubely-block-fd9efc\"><div class=\"qubely-column-inner\">\n<div class=\"wp-block-qubely-testimonial qubely-block-17d7f7\"><div class=\"qubely-block-testimonial \"><div class=\"qubely-testimonial-author\"><div class=\"qubely-testimonial-avatar-layout-top\"><img decoding=\"async\" class=\"qubely-testimonial-avatar\" src=\"http:\/\/stfitcenter.com.mx\/wp-content\/uploads\/2021\/03\/erew.jpg\" srcset=\"\" alt=\"\"\/><div class=\"qubely-testimonial-author-info\"><div class=\"qubely-testimonial-author-name\"><span>Hmayh <br>Gabrielle<\/span><\/div><div class=\"qubely-testimonial-author-designation\"><span><\/span><\/div><\/div><\/div><\/div><div class=\"qubely-testimonial-content\"><div>&#8220;Todo limpio, excelente atenci\u00f3n, los instructores son maravillosos y le dedican todo el tiempo a nuestros hijos. Buenos en su trabajo, desde qui\u00e9n te recibe en la recepci\u00f3n hasta la gente que est\u00e1 aseando, ense\u00f1ando, 100% recomendable.&#8221;<\/div><\/div><\/div><\/div>\n<\/div><\/div>\n\n\n\n<div class=\"wp-block-qubely-column qubely-column qubely-column-front qubely-block-ee1849\"><div class=\"qubely-column-inner\">\n<div class=\"wp-block-qubely-testimonial qubely-block-808193\"><div class=\"qubely-block-testimonial \"><div class=\"qubely-testimonial-author\"><div class=\"qubely-testimonial-avatar-layout-top\"><img decoding=\"async\" class=\"qubely-testimonial-avatar\" src=\"http:\/\/stfitcenter.com.mx\/wp-content\/uploads\/2021\/03\/154640532_1485301661640305_963527857318466042_n.jpg\" srcset=\"\" alt=\"\"\/><div class=\"qubely-testimonial-author-info\"><div class=\"qubely-testimonial-author-name\"><span>Dany<br>Vel\u00e1zquez<\/span><\/div><div class=\"qubely-testimonial-author-designation\"><span><\/span><\/div><\/div><\/div><\/div><div class=\"qubely-testimonial-content\"><div>\u201cMe siento tranquila al verlo disfrutar sus clases y saber que sus maestros son personas que no saben guiar con mucha paciencia y amor. En situaciones como estas confirmo que tener buenos maestros hace toda la diferencia en el aprendizaje&#8221;<\/div><\/div><\/div><\/div>\n<\/div><\/div>\n\n\n\n<div class=\"wp-block-qubely-column qubely-column qubely-column-front qubely-block-67e39d\"><div class=\"qubely-column-inner\">\n<div class=\"wp-block-qubely-testimonial qubely-block-1facbb\"><div class=\"qubely-block-testimonial \"><div class=\"qubely-testimonial-author\"><div class=\"qubely-testimonial-avatar-layout-top\"><img decoding=\"async\" class=\"qubely-testimonial-avatar\" src=\"http:\/\/stfitcenter.com.mx\/wp-content\/uploads\/2021\/03\/132075046_10224983098702987_4849409164693153820_n.jpg\" srcset=\"\" alt=\"\"\/><div class=\"qubely-testimonial-author-info\"><div class=\"qubely-testimonial-author-name\"><span>Jes\u00fas <br>Mart\u00ednez<\/span><\/div><div class=\"qubely-testimonial-author-designation\"><span><\/span><\/div><\/div><\/div><\/div><div class=\"qubely-testimonial-content\"><div>\u201cEs un excelente lugar para hacer ejercicios y tiene excelentes instructores listos para ayudarte a lograr tus objetivos de manera individual, las instalaciones son maravillosas y con excelente espacio para realizar cada disciplina. Altamente recomendado\u201d.<\/div><\/div><\/div><\/div>\n<\/div><\/div>\n<\/div><\/div><\/div>\n\n\n\n<div class=\"wp-block-qubely-videopopup qubely-block-2e0f53\"><div class=\"qubely-block-videopopup-wrapper  qubely-alignment-center\"><div class=\"qubely-block-videopopup-overlay\"><\/div><div class=\"qubely-block-videopopup qubely-size-custom\"><a class=\"qubely-video-popup\" href=\"https:\/\/www.youtube.com\/watch?v=0zF3GNuavDs\"><i class=\"qubely-btn-icon fas fa-play\"><span class=\"qubely-ripple\"><\/span><\/i><\/a><\/div><\/div><\/div>\n\n\n\n<div class=\"wp-block-qubely-row alignfull qubely-section qubely-block-4f70b1\"><div class=\"qubely-row-overlay\"><\/div><div class=\"qubely-container\"><div class=\"qubely-row \">\n<div class=\"wp-block-qubely-column qubely-column qubely-column-front qubely-block-8f3c6b\"><div class=\"qubely-column-inner\"><\/div><\/div>\n<\/div><\/div><\/div>\n\n\n\n<p><\/p>\n","protected":false},"excerpt":{"rendered":"","protected":false},"author":1,"featured_media":0,"parent":0,"menu_order":0,"comment_status":"closed","ping_status":"closed","template":"","meta":{"qubely_global_settings":"","qubely_interactions":"","footnotes":""},"class_list":["post-9","page","type-page","status-publish","hentry"],"blocksy_meta":{"page_title_panel":"","has_hero_section":"disabled","a021d615acb00704d22a215bb20821ff":"","hero_section":"type-1","hero_elements":[{"id":"custom_title","enabled":true,"heading_tag":"h1","title":"Home"},{"id":"custom_description","enabled":true,"description_visibility":{"desktop":true,"tablet":true,"mobile":false}},{"id":"custom_meta","enabled":false,"meta_elements":[{"id":"author","enabled":true,"label":"By","has_author_avatar":"yes","avatar_size":25},{"id":"post_date","enabled":true,"label":"On","date_format_source":"default","date_format":"M j, Y"},{"id":"comments","enabled":true}],"page_meta_elements":{"joined":true,"articles_count":true,"comments":true}},{"id":"breadcrumbs","enabled":false}],"d0505c9bc2c3a100918983b7672c5e6d":"","hero_alignment1":"left","hero_alignment2":"center","hero_vertical_alignment":"center","69a73150cebfaece67402936f1c0455f":"","hero_structure":"narrow","bd1080d581870d75437a0aec7ce14d23":"","page_title_bg_type":"featured_image","custom_hero_background":{"attachment_id":null},"parallax":{"desktop":false,"tablet":false,"mobile":false},"a45ed0d64b9a771c158335017296bd80":"","hero_height":"250px","pageTitleFont":{"family":"Default","variation":"Default","size":{"desktop":"32px","tablet":"30px","mobile":"25px"},"line-height":"CT_CSS_SKIP_RULE","letter-spacing":"CT_CSS_SKIP_RULE","text-transform":"CT_CSS_SKIP_RULE","text-decoration":"CT_CSS_SKIP_RULE"},"pageTitleFontColor":{"default":{"color":"CT_CSS_SKIP_RULEDEFAULT"}},"pageMetaFont":{"family":"Default","variation":"n6","size":{"desktop":"12px","tablet":"12px","mobile":"12px"},"line-height":"1.3","letter-spacing":"CT_CSS_SKIP_RULE","text-transform":"uppercase","text-decoration":"CT_CSS_SKIP_RULE"},"pageMetaFontColor":{"default":{"color":"CT_CSS_SKIP_RULEDEFAULT"},"hover":{"color":"CT_CSS_SKIP_RULEDEFAULT"}},"pageExcerptFont":{"family":"Default","variation":"Default","size":"CT_CSS_SKIP_RULE","line-height":"CT_CSS_SKIP_RULE","letter-spacing":"CT_CSS_SKIP_RULE","text-transform":"CT_CSS_SKIP_RULE","text-decoration":"CT_CSS_SKIP_RULE"},"pageExcerptColor":{"default":{"color":"CT_CSS_SKIP_RULEDEFAULT"}},"breadcrumbsFont":{"family":"Default","variation":"n6","size":"12px","line-height":"CT_CSS_SKIP_RULE","letter-spacing":"CT_CSS_SKIP_RULE","text-transform":"uppercase","text-decoration":"CT_CSS_SKIP_RULE"},"breadcrumbsFontColor":{"default":{"color":"CT_CSS_SKIP_RULEDEFAULT"},"initial":{"color":"CT_CSS_SKIP_RULEDEFAULT"},"hover":{"color":"CT_CSS_SKIP_RULEDEFAULT"}},"pageTitleOverlay":{"default":{"color":"rgba(41, 51, 60, 0.2)"}},"pageTitleBackground":{"background_type":"color","background_pattern":"type-1","background_image":{"attachment_id":null,"x":0,"y":0},"background_repeat":"no-repeat","background_size":"auto","background_attachment":"scroll","patternColor":{"default":{"color":"#e5e7ea"}},"backgroundColor":{"default":{"color":"#EDEFF2"}}},"c0700eea2d5f2a79943114245d9b0d3c":"","page_structure_type":"default","content_style":"inherit","vertical_spacing_source":"custom","content_area_spacing":"none","background":{"background_type":"color","background_pattern":"type-1","background_image":{"attachment_id":null,"x":0,"y":0},"background_repeat":"no-repeat","background_size":"auto","background_attachment":"scroll","patternColor":{"default":{"color":"#e5e7ea"}},"backgroundColor":{"default":{"color":"CT_CSS_SKIP_RULE"}}},"content_background":{"background_type":"color","background_pattern":"type-1","background_image":{"attachment_id":null,"x":0,"y":0},"background_repeat":"no-repeat","background_size":"auto","background_attachment":"scroll","patternColor":{"default":{"color":"#e5e7ea"}},"backgroundColor":{"default":{"color":"#ffffff"}}},"content_boxed_spacing":{"desktop":"40px","tablet":"35px","mobile":"20px"},"content_boxed_radius":{"top":"3px","bottom":"3px","left":"3px","right":"3px","linked":true},"content_boxed_shadow":{"blur":18,"spread":-6,"v_offset":12,"h_offset":0,"inset":false,"enable":true,"color":{"color":"rgba(34, 56, 101, 0.04)"}},"05c14464af83440d2458a3b59cd3c7c8":"","disable_featured_image":"no","disable_header":"no","disable_footer":"no"},"_links":{"self":[{"href":"http:\/\/stfitcenter.com.mx\/index.php?rest_route=\/wp\/v2\/pages\/9","targetHints":{"allow":["GET"]}}],"collection":[{"href":"http:\/\/stfitcenter.com.mx\/index.php?rest_route=\/wp\/v2\/pages"}],"about":[{"href":"http:\/\/stfitcenter.com.mx\/index.php?rest_route=\/wp\/v2\/types\/page"}],"author":[{"embeddable":true,"href":"http:\/\/stfitcenter.com.mx\/index.php?rest_route=\/wp\/v2\/users\/1"}],"replies":[{"embeddable":true,"href":"http:\/\/stfitcenter.com.mx\/index.php?rest_route=%2Fwp%2Fv2%2Fcomments&post=9"}],"version-history":[{"count":262,"href":"http:\/\/stfitcenter.com.mx\/index.php?rest_route=\/wp\/v2\/pages\/9\/revisions"}],"predecessor-version":[{"id":1279,"href":"http:\/\/stfitcenter.com.mx\/index.php?rest_route=\/wp\/v2\/pages\/9\/revisions\/1279"}],"wp:attachment":[{"href":"http:\/\/stfitcenter.com.mx\/index.php?rest_route=%2Fwp%2Fv2%2Fmedia&parent=9"}],"curies":[{"name":"wp","href":"https:\/\/api.w.org\/{rel}","templated":true}]}}